{"id":14,"date":"2019-06-27T16:20:01","date_gmt":"2019-06-27T14:20:01","guid":{"rendered":"https:\/\/gglanguageservices.com\/?page_id=14"},"modified":"2023-12-23T13:58:53","modified_gmt":"2023-12-23T12:58:53","slug":"home","status":"publish","type":"page","link":"https:\/\/gglanguageservices.com\/","title":{"rendered":"Home"},"content":{"rendered":"<p>[vc_row css_animation=&#8221;&#8221; row_type=&#8221;row&#8221; use_row_as_full_screen_section=&#8221;yes&#8221; type=&#8221;full_width&#8221; angled_section=&#8221;no&#8221; text_align=&#8221;center&#8221; background_image_as_pattern=&#8221;without_pattern&#8221; z_index=&#8221;&#8221; el_class=&#8221;home-sotto-titolo&#8221; css=&#8221;.vc_custom_1562079422798{padding-top: 30px !important;padding-bottom: 30px !important;}&#8221;][vc_column][vc_column_text el_class=&#8221;sogni&#8221;]<\/p>\n<h5 style=\"text-align: center;\"><span style=\"color: #993366;\">SOGNI DA ANNI DI IMPARARE L&#8217;INGLESE?<\/span><\/h5>\n<p>[\/vc_column_text][\/vc_column][\/vc_row][vc_row css_animation=&#8221;&#8221; row_type=&#8221;row&#8221; use_row_as_full_screen_section=&#8221;yes&#8221; type=&#8221;full_width&#8221; angled_section=&#8221;no&#8221; text_align=&#8221;center&#8221; background_image_as_pattern=&#8221;without_pattern&#8221; z_index=&#8221;&#8221; el_class=&#8221;home-sotto-titolo&#8221; css=&#8221;.vc_custom_1562079532149{padding-top: 30px !important;padding-bottom: 30px !important;}&#8221; background_color=&#8221;#293133&#8243;][vc_column][vc_column_text]<\/p>\n<h1 style=\"text-align: center;\"><span style=\"color: #ffffff;\">Servizio Professionale di Traduzione e Interpretariato<\/span><\/h1>\n<p>&nbsp;<\/p>\n<h3 style=\"text-align: center;\"><span style=\"color: #ffffff;\">L\u2019INGLESE AZIENDALE PER POTENZIARE IL DIALOGO DI CHI FA AFFARI CON IL MONDO<\/span><\/h3>\n<p>&nbsp;<\/p>\n<h2 style=\"text-align: center;\"><span style=\"color: #ffffff;\">Il successo dei nostri clienti \u00e8 la nostra missione.<\/span><\/h2>\n<p><a name=\"servizi\"><\/a>[\/vc_column_text][\/vc_column][\/vc_row][vc_row css_animation=&#8221;&#8221; row_type=&#8221;row&#8221; use_row_as_full_screen_section=&#8221;no&#8221; type=&#8221;grid&#8221; angled_section=&#8221;no&#8221; text_align=&#8221;left&#8221; background_image_as_pattern=&#8221;without_pattern&#8221; z_index=&#8221;&#8221; padding_top=&#8221;30&#8243; padding_bottom=&#8221;30&#8243;][vc_column][vc_row_inner row_type=&#8221;row&#8221; type=&#8221;full_width&#8221; text_align=&#8221;left&#8221; css_animation=&#8221;&#8221; css=&#8221;.vc_custom_1562079995560{margin-bottom: 20px !important;}&#8221;][vc_column_inner][vc_column_text el_class=&#8221;sogni&#8221; css=&#8221;.vc_custom_1562079973041{margin-bottom: 15px !important;}&#8221;]<\/p>\n<h1 style=\"font-size: 40px; text-align: center;\">SERVIZI<\/h1>\n<p>[\/vc_column_text][vc_column_text el_class=&#8221;sogni&#8221; css=&#8221;.vc_custom_1562669660842{padding-bottom: 30px !important;}&#8221;]<\/p>\n<div>\n<h3 class=\"m_4334168070447778068content\" style=\"text-align: justify;\">Proponiamo\u00a0programmi di corsi di inglese per aziende. Diamo ai vostri collaboratori la possibilit\u00e0 reale di parlare inglese,\u00a0garantendo la migliore\u00a0formazione linguistica abbinata all\u2019utilizzo dell\u2019inglese in contesti\u00a0<strong>business di qualsiasi livello<\/strong>, dal pi\u00f9 elementare ai pi\u00f9 alti gradi di responsabilit\u00e0.<\/h3>\n<\/div>\n<p>[\/vc_column_text][\/vc_column_inner][\/vc_row_inner][vc_row_inner row_type=&#8221;row&#8221; type=&#8221;full_width&#8221; text_align=&#8221;left&#8221; css_animation=&#8221;&#8221;][vc_column_inner width=&#8221;5\/12&#8243;]<div class='q_icon_with_title medium normal_icon left_from_title '><div class=\"icon_text_holder\" style=\"\"><div class=\"icon_text_inner\" style=\"\"><div class=\"icon_title_holder\"><div class=\"icon_holder \" style=\" \"><span data-icon-type=\"normal\"   style=\"\" class=\"qode_iwt_icon_holder q_font_awsome_icon fa-3x  \"><i class=\"qode_icon_font_awesome fa fa-tags qode_iwt_icon_element\" style=\"color: #a2295a;\" ><\/i><\/span><\/div><h2 class=\"icon_title\" style=\"\">English Fit<\/h2><\/div><p style=''>La garanzia all\u2019utilizzo di un business English di alto livello.<\/p><\/div><\/div><\/div><div class='q_icon_with_title medium normal_icon left_from_title '><div class=\"icon_text_holder\" style=\"\"><div class=\"icon_text_inner\" style=\"\"><div class=\"icon_title_holder\"><div class=\"icon_holder \" style=\" \"><span data-icon-type=\"normal\"   style=\"\" class=\"qode_iwt_icon_holder q_font_awsome_icon fa-3x  \"><i class=\"qode_icon_font_awesome fa fa-tags qode_iwt_icon_element\" style=\"color: #a2295a;\" ><\/i><\/span><\/div><h2 class=\"icon_title\" style=\"\">Instructor Led<\/h2><\/div><p style=''>Lezioni individuali o di gruppo. Ideale per migliorare le capacit\u00e0 di conversazione e raggiungere la piena fluenza della lingua.<\/p><\/div><\/div><\/div><div class='q_icon_with_title medium normal_icon left_from_title '><div class=\"icon_text_holder\" style=\"\"><div class=\"icon_text_inner\" style=\"\"><div class=\"icon_title_holder\"><div class=\"icon_holder \" style=\" \"><span data-icon-type=\"normal\"   style=\"\" class=\"qode_iwt_icon_holder q_font_awsome_icon fa-3x  \"><i class=\"qode_icon_font_awesome fa fa-tags qode_iwt_icon_element\" style=\"color: #a2295a;\" ><\/i><\/span><\/div><h2 class=\"icon_title\" style=\"\">Personal English<\/h2><\/div><p style=''>Una soluzione ideale per chi necessit\u00e0 flessibilit\u00e0 nella frequenza delle lezioni e per garantire autonomia e ritmo di studio personalizzato.<\/p><\/div><\/div><\/div>[\/vc_column_inner][vc_column_inner width=&#8221;1\/2&#8243; offset=&#8221;vc_col-sm-offset-1&#8243;]<div class='q_icon_with_title medium normal_icon left_from_title '><div class=\"icon_text_holder\" style=\"\"><div class=\"icon_text_inner\" style=\"\"><div class=\"icon_title_holder\"><div class=\"icon_holder \" style=\" \"><span data-icon-type=\"normal\"   style=\"\" class=\"qode_iwt_icon_holder q_font_awsome_icon fa-3x  \"><i class=\"qode_icon_font_awesome fa fa-tags qode_iwt_icon_element\" style=\"color: #a2295a;\" ><\/i><\/span><\/div><h2 class=\"icon_title\" style=\"\">Traduzione di documenti<\/h2><\/div><p style=''><\/p><\/div><\/div><\/div><div class='q_icon_with_title medium normal_icon left_from_title '><div class=\"icon_text_holder\" style=\"\"><div class=\"icon_text_inner\" style=\"\"><div class=\"icon_title_holder\"><div class=\"icon_holder \" style=\" \"><span data-icon-type=\"normal\"   style=\"\" class=\"qode_iwt_icon_holder q_font_awsome_icon fa-3x  \"><i class=\"qode_icon_font_awesome fa fa-tags qode_iwt_icon_element\" style=\"color: #a2295a;\" ><\/i><\/span><\/div><h2 class=\"icon_title\" style=\"\">Proofreading<\/h2><\/div><p style=''><\/p><\/div><\/div><\/div><div class='q_icon_with_title medium normal_icon left_from_title '><div class=\"icon_text_holder\" style=\"\"><div class=\"icon_text_inner\" style=\"\"><div class=\"icon_title_holder\"><div class=\"icon_holder \" style=\" \"><span data-icon-type=\"normal\"   style=\"\" class=\"qode_iwt_icon_holder q_font_awsome_icon fa-3x  \"><i class=\"qode_icon_font_awesome fa fa-tags qode_iwt_icon_element\" style=\"color: #a2295a;\" ><\/i><\/span><\/div><h2 class=\"icon_title\" style=\"\">Consulenze per il commercio internazionale<\/h2><\/div><p style=''><\/p><\/div><\/div><\/div><div class='q_icon_with_title medium normal_icon left_from_title '><div class=\"icon_text_holder\" style=\"\"><div class=\"icon_text_inner\" style=\"\"><div class=\"icon_title_holder\"><div class=\"icon_holder \" style=\" \"><span data-icon-type=\"normal\"   style=\"\" class=\"qode_iwt_icon_holder q_font_awsome_icon fa-3x  \"><i class=\"qode_icon_font_awesome fa fa-tags qode_iwt_icon_element\" style=\"color: #a2295a;\" ><\/i><\/span><\/div><h2 class=\"icon_title\" style=\"\">Supporto per investimenti diretti esteri<\/h2><\/div><p style=''><\/p><\/div><\/div><\/div>[\/vc_column_inner][\/vc_row_inner][\/vc_column][\/vc_row][vc_row css_animation=&#8221;&#8221; row_type=&#8221;row&#8221; use_row_as_full_screen_section=&#8221;no&#8221; type=&#8221;full_width&#8221; angled_section=&#8221;no&#8221; text_align=&#8221;left&#8221; background_image_as_pattern=&#8221;without_pattern&#8221; z_index=&#8221;&#8221;][vc_column][vc_separator type=&#8221;normal&#8221; color=&#8221;#293133&#8243; thickness=&#8221;4&#8243;][\/vc_column][\/vc_row][vc_row css_animation=&#8221;&#8221; row_type=&#8221;row&#8221; use_row_as_full_screen_section=&#8221;no&#8221; type=&#8221;grid&#8221; angled_section=&#8221;no&#8221; text_align=&#8221;left&#8221; background_image_as_pattern=&#8221;without_pattern&#8221; z_index=&#8221;&#8221; padding_top=&#8221;30&#8243; padding_bottom=&#8221;30&#8243;][vc_column][vc_row_inner row_type=&#8221;row&#8221; type=&#8221;full_width&#8221; text_align=&#8221;left&#8221; css_animation=&#8221;&#8221; css=&#8221;.vc_custom_1562079995560{margin-bottom: 20px !important;}&#8221;][vc_column_inner][vc_column_text el_class=&#8221;sogni&#8221; css=&#8221;.vc_custom_1562080180872{margin-bottom: 15px !important;}&#8221;]<\/p>\n<h1 style=\"font-size: 40px; text-align: center;\">SETTORI<\/h1>\n<p>[\/vc_column_text][vc_column_text el_class=&#8221;sogni&#8221; css=&#8221;.vc_custom_1565361840371{padding-bottom: 30px !important;}&#8221;]<\/p>\n<h3 style=\"text-align: center;\">I nostri servizi sono disponibili per vari settori<\/h3>\n<p>[\/vc_column_text][\/vc_column_inner][\/vc_row_inner][vc_row_inner row_type=&#8221;row&#8221; type=&#8221;full_width&#8221; text_align=&#8221;left&#8221; css_animation=&#8221;&#8221;][vc_column_inner width=&#8221;5\/12&#8243;]<div class='q_icon_with_title medium normal_icon left_from_title '><div class=\"icon_text_holder\" style=\"\"><div class=\"icon_text_inner\" style=\"\"><div class=\"icon_title_holder\"><div class=\"icon_holder \" style=\" \"><span data-icon-type=\"normal\"   style=\"\" class=\"qode_iwt_icon_holder q_font_awsome_icon fa-3x  \"><i class=\"qode_icon_font_awesome fa fa-tags qode_iwt_icon_element\" style=\"color: #a2295a;\" ><\/i><\/span><\/div><h2 class=\"icon_title\" style=\"\">Scientifico<\/h2><\/div><p style=''><\/p><\/div><\/div><\/div><div class='q_icon_with_title medium normal_icon left_from_title '><div class=\"icon_text_holder\" style=\"\"><div class=\"icon_text_inner\" style=\"\"><div class=\"icon_title_holder\"><div class=\"icon_holder \" style=\" \"><span data-icon-type=\"normal\"   style=\"\" class=\"qode_iwt_icon_holder q_font_awsome_icon fa-3x  \"><i class=\"qode_icon_font_awesome fa fa-tags qode_iwt_icon_element\" style=\"color: #a2295a;\" ><\/i><\/span><\/div><h2 class=\"icon_title\" style=\"\">Legale<\/h2><\/div><p style=''><\/p><\/div><\/div><\/div><div class='q_icon_with_title medium normal_icon left_from_title '><div class=\"icon_text_holder\" style=\"\"><div class=\"icon_text_inner\" style=\"\"><div class=\"icon_title_holder\"><div class=\"icon_holder \" style=\" \"><span data-icon-type=\"normal\"   style=\"\" class=\"qode_iwt_icon_holder q_font_awsome_icon fa-3x  \"><i class=\"qode_icon_font_awesome fa fa-tags qode_iwt_icon_element\" style=\"color: #a2295a;\" ><\/i><\/span><\/div><h2 class=\"icon_title\" style=\"\">Tecnologico<\/h2><\/div><p style=''><\/p><\/div><\/div><\/div>[\/vc_column_inner][vc_column_inner width=&#8221;1\/2&#8243; offset=&#8221;vc_col-sm-offset-1&#8243;]<div class='q_icon_with_title medium normal_icon left_from_title '><div class=\"icon_text_holder\" style=\"\"><div class=\"icon_text_inner\" style=\"\"><div class=\"icon_title_holder\"><div class=\"icon_holder \" style=\" \"><span data-icon-type=\"normal\"   style=\"\" class=\"qode_iwt_icon_holder q_font_awsome_icon fa-3x  \"><i class=\"qode_icon_font_awesome fa fa-tags qode_iwt_icon_element\" style=\"color: #a2295a;\" ><\/i><\/span><\/div><h2 class=\"icon_title\" style=\"\">Manifatturiero<\/h2><\/div><p style=''><\/p><\/div><\/div><\/div><div class='q_icon_with_title medium normal_icon left_from_title '><div class=\"icon_text_holder\" style=\"\"><div class=\"icon_text_inner\" style=\"\"><div class=\"icon_title_holder\"><div class=\"icon_holder \" style=\" \"><span data-icon-type=\"normal\"   style=\"\" class=\"qode_iwt_icon_holder q_font_awsome_icon fa-3x  \"><i class=\"qode_icon_font_awesome fa fa-tags qode_iwt_icon_element\" style=\"color: #a2295a;\" ><\/i><\/span><\/div><h2 class=\"icon_title\" style=\"\">Commerciale<\/h2><\/div><p style=''><\/p><\/div><\/div><\/div><div class='q_icon_with_title medium normal_icon left_from_title '><div class=\"icon_text_holder\" style=\"\"><div class=\"icon_text_inner\" style=\"\"><div class=\"icon_title_holder\"><div class=\"icon_holder \" style=\" \"><span data-icon-type=\"normal\"   style=\"\" class=\"qode_iwt_icon_holder q_font_awsome_icon fa-3x  \"><i class=\"qode_icon_font_awesome fa fa-tags qode_iwt_icon_element\" style=\"color: #a2295a;\" ><\/i><\/span><\/div><h2 class=\"icon_title\" style=\"\">...e molti altri<\/h2><\/div><p style=''><\/p><\/div><\/div><\/div>[\/vc_column_inner][\/vc_row_inner][\/vc_column][\/vc_row][vc_row css_animation=&#8221;&#8221; row_type=&#8221;row&#8221; use_row_as_full_screen_section=&#8221;no&#8221; type=&#8221;full_width&#8221; angled_section=&#8221;no&#8221; text_align=&#8221;left&#8221; background_image_as_pattern=&#8221;without_pattern&#8221; z_index=&#8221;&#8221;][vc_column][vc_separator type=&#8221;normal&#8221; color=&#8221;#293133&#8243; thickness=&#8221;4&#8243;][\/vc_column][\/vc_row][vc_row css_animation=&#8221;&#8221; row_type=&#8221;row&#8221; use_row_as_full_screen_section=&#8221;no&#8221; type=&#8221;grid&#8221; angled_section=&#8221;no&#8221; text_align=&#8221;left&#8221; background_image_as_pattern=&#8221;without_pattern&#8221; z_index=&#8221;&#8221; padding_top=&#8221;30&#8243; padding_bottom=&#8221;30&#8243;][vc_column][qode_content_slider auto_rotate=&#8221;5&#8243; enable_drag=&#8221;no&#8221; direction_nav=&#8221;no&#8221; control_nav=&#8221;no&#8221; control_nav_justify=&#8221;no&#8221; pause_on_hover=&#8221;yes&#8221;][qode_content_slider_item][vc_row_inner row_type=&#8221;row&#8221; type=&#8221;full_width&#8221; text_align=&#8221;left&#8221; css_animation=&#8221;&#8221;][vc_column_inner width=&#8221;1\/4&#8243;][vc_single_image image=&#8221;141&#8243; img_size=&#8221;200&#8243; alignment=&#8221;center&#8221; style=&#8221;vc_box_shadow_border_circle&#8221; onclick=&#8221;link_image&#8221; qode_css_animation=&#8221;&#8221;][\/vc_column_inner][vc_column_inner width=&#8221;1\/4&#8243;][vc_single_image image=&#8221;136&#8243; img_size=&#8221;200&#8243; alignment=&#8221;center&#8221; style=&#8221;vc_box_shadow_border_circle&#8221; onclick=&#8221;link_image&#8221; qode_css_animation=&#8221;&#8221;][\/vc_column_inner][vc_column_inner width=&#8221;1\/4&#8243;][vc_single_image image=&#8221;110&#8243; img_size=&#8221;200&#8243; alignment=&#8221;center&#8221; style=&#8221;vc_box_shadow_border_circle&#8221; onclick=&#8221;link_image&#8221; qode_css_animation=&#8221;&#8221;][\/vc_column_inner][vc_column_inner width=&#8221;1\/4&#8243;][vc_single_image image=&#8221;133&#8243; img_size=&#8221;200&#8243; alignment=&#8221;center&#8221; style=&#8221;vc_box_shadow_border_circle&#8221; onclick=&#8221;link_image&#8221; qode_css_animation=&#8221;&#8221;][\/vc_column_inner][\/vc_row_inner][\/qode_content_slider_item][\/qode_content_slider][\/vc_column][\/vc_row][vc_row css_animation=&#8221;&#8221; row_type=&#8221;row&#8221; use_row_as_full_screen_section=&#8221;yes&#8221; type=&#8221;full_width&#8221; angled_section=&#8221;no&#8221; text_align=&#8221;center&#8221; background_image_as_pattern=&#8221;without_pattern&#8221; z_index=&#8221;&#8221; el_class=&#8221;home-sotto-titolo&#8221; css=&#8221;.vc_custom_1562085130773{padding-top: 40px !important;padding-bottom: 50px !important;}&#8221; background_color=&#8221;#293133&#8243;][vc_column][vc_column_text css=&#8221;.vc_custom_1562081819592{margin-bottom: 30px !important;}&#8221;]<\/p>\n<h1 style=\"font-size: 40px; text-align: center;\"><span style=\"color: #ffffff;\">CHI SIAMO<\/span><\/h1>\n<p>[\/vc_column_text][vc_row_inner row_type=&#8221;row&#8221; type=&#8221;grid&#8221; text_align=&#8221;left&#8221; css_animation=&#8221;&#8221;][vc_column_inner width=&#8221;1\/2&#8243; offset=&#8221;vc_col-sm-offset-3&#8243;][vc_column_text]<\/p>\n<p style=\"text-align: justify;\"><span style=\"color: #ffffff;\">Un team di traduttori intraprendenti, motivati ed esperti, in grado di lavorare in pi\u00f9 ambienti. Fluenti in pi\u00f9 lingue, con conoscenza delle variazioni culturali e regionali. Eccellenti comunicatori. Disponibili a viaggiare anche a livello internazionale per diversi incarichi e progetti di lavoro.<\/span><\/p>\n<p>&nbsp;<\/p>\n<p style=\"text-align: justify;\"><span style=\"color: #ffffff;\">Abbiamo la competenza, la determinazione e l\u2019ambizione necessarie per essere la compagnia di traduzione con la pi\u00f9 rapida crescita in ciascuno dei territori e settori prescelti, anche grazie a una base clienti entusiasta.<\/span><\/p>\n<p>[\/vc_column_text][\/vc_column_inner][\/vc_row_inner][\/vc_column][\/vc_row][vc_row css_animation=&#8221;&#8221; row_type=&#8221;row&#8221; use_row_as_full_screen_section=&#8221;no&#8221; type=&#8221;grid&#8221; angled_section=&#8221;no&#8221; text_align=&#8221;left&#8221; background_image_as_pattern=&#8221;without_pattern&#8221; z_index=&#8221;&#8221; padding_top=&#8221;30&#8243; padding_bottom=&#8221;30&#8243; css=&#8221;.vc_custom_1562085316805{padding-top: 40px !important;padding-bottom: 50px !important;}&#8221;][vc_column][vc_row_inner row_type=&#8221;row&#8221; type=&#8221;full_width&#8221; text_align=&#8221;left&#8221; css_animation=&#8221;&#8221; css=&#8221;.vc_custom_1562085218939{margin-bottom: 35px !important;}&#8221;][vc_column_inner][vc_column_text el_class=&#8221;sogni&#8221;]<\/p>\n<h1 style=\"font-size: 40px; text-align: center;\">Il Nostro Team<\/h1>\n<p>[\/vc_column_text][\/vc_column_inner][\/vc_row_inner][vc_row_inner row_type=&#8221;row&#8221; type=&#8221;full_width&#8221; text_align=&#8221;left&#8221; css_animation=&#8221;&#8221;][vc_column_inner width=&#8221;1\/3&#8243; offset=&#8221;vc_col-sm-offset-2&#8243;][vc_single_image image=&#8221;50&#8243; img_size=&#8221;200&#8243; alignment=&#8221;center&#8221; style=&#8221;vc_box_border_circle&#8221; onclick=&#8221;custom_link&#8221; qode_css_animation=&#8221;&#8221; link=&#8221;https:\/\/gglanguageservices.com\/chi-siamo&#8221;][vc_column_text]<\/p>\n<h4 style=\"text-align: center;\">Josephine Rossi<\/h4>\n<p style=\"text-align: center;\">Insegnante<\/p>\n<p style=\"text-align: center;\">jrossidot@hotmail.com<\/p>\n<p style=\"text-align: center;\">3381318347<\/p>\n<p>[\/vc_column_text][\/vc_column_inner][vc_column_inner width=&#8221;1\/3&#8243;][vc_single_image image=&#8221;119&#8243; img_size=&#8221;200&#8243; alignment=&#8221;center&#8221; style=&#8221;vc_box_border_circle&#8221; onclick=&#8221;custom_link&#8221; qode_css_animation=&#8221;&#8221; link=&#8221;https:\/\/gglanguageservices.com\/chi-siamo&#8221;][vc_column_text]<\/p>\n<h4 style=\"text-align: center;\">Giulio Spolverato<\/h4>\n<p style=\"text-align: center;\">Insegnante<\/p>\n<p style=\"text-align: center;\">giuliospolverato@gmail.com<\/p>\n<p>[\/vc_column_text][\/vc_column_inner][\/vc_row_inner][vc_column_text]<a name=\"contatti\"><\/a>[\/vc_column_text][\/vc_column][\/vc_row][vc_row css_animation=&#8221;&#8221; row_type=&#8221;row&#8221; use_row_as_full_screen_section=&#8221;yes&#8221; type=&#8221;full_width&#8221; angled_section=&#8221;no&#8221; text_align=&#8221;center&#8221; background_image_as_pattern=&#8221;without_pattern&#8221; z_index=&#8221;&#8221; el_class=&#8221;home-sotto-titolo&#8221; css=&#8221;.vc_custom_1562173204576{padding-top: 40px !important;padding-bottom: 30px !important;}&#8221; background_image=&#8221;67&#8243;][vc_column][vc_column_text css=&#8221;.vc_custom_1562147803735{margin-bottom: 30px !important;}&#8221;]<\/p>\n<h1 style=\"font-size: 40px; text-align: center;\"><span style=\"color: #ffffff;\">CONTATTACI<\/span><\/h1>\n<p>[\/vc_column_text][vc_row_inner row_type=&#8221;row&#8221; type=&#8221;grid&#8221; text_align=&#8221;left&#8221; css_animation=&#8221;&#8221;][vc_column_inner width=&#8221;2\/3&#8243; offset=&#8221;vc_col-sm-offset-2&#8243;]<div role=\"form\" class=\"wpcf7\" id=\"wpcf7-f60-o1\" lang=\"it-IT\" dir=\"ltr\">\n<div class=\"screen-reader-response\"><\/div>\n<form action=\"\/index.php?rest_route=%2Fwp%2Fv2%2Fpages%2F14#wpcf7-f60-o1\" method=\"post\" class=\"wpcf7-form cf7_custom_style_1\" novalidate=\"novalidate\">\n<div style=\"display: none;\">\n<input type=\"hidden\" name=\"_wpcf7\" value=\"60\" \/>\n<input type=\"hidden\" name=\"_wpcf7_version\" value=\"5.1.3\" \/>\n<input type=\"hidden\" name=\"_wpcf7_locale\" value=\"it_IT\" \/>\n<input type=\"hidden\" name=\"_wpcf7_unit_tag\" value=\"wpcf7-f60-o1\" \/>\n<input type=\"hidden\" name=\"_wpcf7_container_post\" value=\"0\" \/>\n<input type=\"hidden\" name=\"g-recaptcha-response\" value=\"\" \/>\n<\/div>\n<p><span class=\"wpcf7-form-control-wrap nome\"><input type=\"text\" name=\"nome\" value=\"\" size=\"40\" class=\"wpcf7-form-control wpcf7-text wpcf7-validates-as-required aff-form\" aria-required=\"true\" aria-invalid=\"false\" placeholder=\"Nome (richiesto)\" \/><\/span><br \/>\n<span class=\"wpcf7-form-control-wrap email\"><input type=\"email\" name=\"email\" value=\"\" size=\"40\" class=\"wpcf7-form-control wpcf7-text wpcf7-email wpcf7-validates-as-required wpcf7-validates-as-email aff-form-center\" aria-required=\"true\" aria-invalid=\"false\" placeholder=\"Email (richiesto)\" \/><\/span><br \/>\n<span class=\"wpcf7-form-control-wrap oggetto\"><input type=\"text\" name=\"oggetto\" value=\"\" size=\"40\" class=\"wpcf7-form-control wpcf7-text wpcf7-validates-as-required aff-form-late\" aria-required=\"true\" aria-invalid=\"false\" placeholder=\"Oggetto (richiesto)\" \/><\/span><br \/>\n<span class=\"wpcf7-form-control-wrap messaggio\"><textarea name=\"messaggio\" cols=\"40\" rows=\"10\" class=\"wpcf7-form-control wpcf7-textarea wpcf7-validates-as-required\" aria-required=\"true\" aria-invalid=\"false\" placeholder=\"Messaggio\"><\/textarea><\/span><br \/>\n<span class=\"wpcf7-form-control-wrap privacy\"><span class=\"wpcf7-form-control wpcf7-acceptance\"><span class=\"wpcf7-list-item\"><label><input type=\"checkbox\" name=\"privacy\" value=\"1\" aria-invalid=\"false\" \/><span class=\"wpcf7-list-item-label\">Accetto il trattamento dei dati personali qui indicati in conformit\u00e0 al Regolamento (UE) 2016\/679 (GDPR) e al D.lgs n.196\/2003.<\/span><\/label><\/span><\/span><\/span><\/p>\n<p><input type=\"submit\" value=\"Send\" class=\"wpcf7-form-control wpcf7-submit\" \/><\/p>\n<div class=\"wpcf7-response-output wpcf7-display-none\"><\/div><\/form><\/div>[\/vc_column_inner][\/vc_row_inner][\/vc_column][\/vc_row]<\/p>\n","protected":false},"excerpt":{"rendered":"<p>[vc_row css_animation=&#8221;&#8221; row_type=&#8221;row&#8221; use_row_as_full_screen_section=&#8221;yes&#8221; type=&#8221;full_width&#8221; angled_section=&#8221;no&#8221; text_align=&#8221;center&#8221; background_image_as_pattern=&#8221;without_pattern&#8221; z_index=&#8221;&#8221; el_class=&#8221;home-sotto-titolo&#8221; css=&#8221;.vc_custom_1562079422798{padding-top: 30px !important;padding-bottom: 30px !important;}&#8221;][vc_column][vc_column_text el_class=&#8221;sogni&#8221;] SOGNI DA ANNI DI IMPARARE L&#8217;INGLESE? [\/vc_column_text][\/vc_column][\/vc_row][vc_row css_animation=&#8221;&#8221; row_type=&#8221;row&#8221; use_row_as_full_screen_section=&#8221;yes&#8221; type=&#8221;full_width&#8221; angled_section=&#8221;no&#8221; text_align=&#8221;center&#8221; background_image_as_pattern=&#8221;without_pattern&#8221; z_index=&#8221;&#8221; el_class=&#8221;home-sotto-titolo&#8221; css=&#8221;.vc_custom_1562079532149{padding-top: 30px !important;padding-bottom: 30px !important;}&#8221; background_color=&#8221;#293133&#8243;][vc_column][vc_column_text] Servizio Professionale di Traduzione e Interpretariato &nbsp;&#8230;<\/p>\n","protected":false},"author":1,"featured_media":0,"parent":0,"menu_order":0,"comment_status":"closed","ping_status":"closed","template":"full_width.php","meta":{"footnotes":""},"_links":{"self":[{"href":"https:\/\/gglanguageservices.com\/index.php?rest_route=\/wp\/v2\/pages\/14"}],"collection":[{"href":"https:\/\/gglanguageservices.com\/index.php?rest_route=\/wp\/v2\/pages"}],"about":[{"href":"https:\/\/gglanguageservices.com\/index.php?rest_route=\/wp\/v2\/types\/page"}],"author":[{"embeddable":true,"href":"https:\/\/gglanguageservices.com\/index.php?rest_route=\/wp\/v2\/users\/1"}],"replies":[{"embeddable":true,"href":"https:\/\/gglanguageservices.com\/index.php?rest_route=%2Fwp%2Fv2%2Fcomments&post=14"}],"version-history":[{"count":1,"href":"https:\/\/gglanguageservices.com\/index.php?rest_route=\/wp\/v2\/pages\/14\/revisions"}],"predecessor-version":[{"id":142,"href":"https:\/\/gglanguageservices.com\/index.php?rest_route=\/wp\/v2\/pages\/14\/revisions\/142"}],"wp:attachment":[{"href":"https:\/\/gglanguageservices.com\/index.php?rest_route=%2Fwp%2Fv2%2Fmedia&parent=14"}],"curies":[{"name":"wp","href":"https:\/\/api.w.org\/{rel}","templated":true}]}}